{"id":3446,"date":"2025-07-17T20:22:12","date_gmt":"2025-07-17T23:22:12","guid":{"rendered":"https:\/\/neufitech.com.ar\/?page_id=3446"},"modified":"2025-11-04T22:11:37","modified_gmt":"2025-11-05T01:11:37","slug":"neufiplay","status":"publish","type":"page","link":"https:\/\/neufitech.com.ar\/index.php\/neufiplay\/","title":{"rendered":"Neufiplay"},"content":{"rendered":"\t\t<div data-elementor-type=\"wp-page\" data-elementor-id=\"3446\" class=\"elementor elementor-3446\">\n\t\t\t\t\t\t<section class=\"elementor-section elementor-top-section elementor-element elementor-element-fef991a elementor-section-boxed elementor-section-height-default elementor-section-height-default\" data-id=\"fef991a\" data-element_type=\"section\" data-e-type=\"section\">\n\t\t\t\t\t\t<div class=\"elementor-container elementor-column-gap-default\">\n\t\t\t\t\t<div class=\"elementor-column elementor-col-50 elementor-top-column elementor-element elementor-element-8082ac6\" data-id=\"8082ac6\" data-element_type=\"column\" data-e-type=\"column\">\n\t\t\t<div class=\"elementor-widget-wrap elementor-element-populated\">\n\t\t\t\t\t\t<div class=\"elementor-element elementor-element-1900bf0 elementor-widget elementor-widget-spacer\" data-id=\"1900bf0\" data-element_type=\"widget\" data-e-type=\"widget\" data-widget_type=\"spacer.default\">\n\t\t\t\t<div class=\"elementor-widget-container\">\n\t\t\t\t\t\t\t<div class=\"elementor-spacer\">\n\t\t\t<div class=\"elementor-spacer-inner\"><\/div>\n\t\t<\/div>\n\t\t\t\t\t\t<\/div>\n\t\t\t\t<\/div>\n\t\t\t\t<div class=\"elementor-element elementor-element-9985598 elementor-widget elementor-widget-image\" data-id=\"9985598\" data-element_type=\"widget\" data-e-type=\"widget\" data-widget_type=\"image.default\">\n\t\t\t\t<div class=\"elementor-widget-container\">\n\t\t\t\t\t\t\t\t\t\t\t\t\t\t\t<img decoding=\"async\" width=\"150\" height=\"150\" src=\"https:\/\/neufitech.com.ar\/wp-content\/uploads\/2025\/08\/NEURONITO-STICKERS-150x150.png\" class=\"attachment-thumbnail size-thumbnail wp-image-4715\" alt=\"\" srcset=\"https:\/\/neufitech.com.ar\/wp-content\/uploads\/2025\/08\/NEURONITO-STICKERS-150x150.png 150w, https:\/\/neufitech.com.ar\/wp-content\/uploads\/2025\/08\/NEURONITO-STICKERS-300x300.png 300w, https:\/\/neufitech.com.ar\/wp-content\/uploads\/2025\/08\/NEURONITO-STICKERS-768x768.png 768w, https:\/\/neufitech.com.ar\/wp-content\/uploads\/2025\/08\/NEURONITO-STICKERS.png 1024w\" sizes=\"(max-width: 150px) 100vw, 150px\" \/>\t\t\t\t\t\t\t\t\t\t\t\t\t\t\t<\/div>\n\t\t\t\t<\/div>\n\t\t\t\t<div class=\"elementor-element elementor-element-eb41af5 elementor-widget elementor-widget-heading\" data-id=\"eb41af5\" data-element_type=\"widget\" data-e-type=\"widget\" data-widget_type=\"heading.default\">\n\t\t\t\t<div class=\"elementor-widget-container\">\n\t\t\t\t\t<h3 class=\"elementor-heading-title elementor-size-default\">Neufiplay<\/h3>\t\t\t\t<\/div>\n\t\t\t\t<\/div>\n\t\t\t\t\t<\/div>\n\t\t<\/div>\n\t\t\t\t<div class=\"elementor-column elementor-col-50 elementor-top-column elementor-element elementor-element-ab1afe6\" data-id=\"ab1afe6\" data-element_type=\"column\" data-e-type=\"column\">\n\t\t\t<div class=\"elementor-widget-wrap elementor-element-populated\">\n\t\t\t\t\t\t<div class=\"elementor-element elementor-element-4017717 elementor-widget elementor-widget-image\" data-id=\"4017717\" data-element_type=\"widget\" data-e-type=\"widget\" data-widget_type=\"image.default\">\n\t\t\t\t<div class=\"elementor-widget-container\">\n\t\t\t\t\t\t\t\t\t\t\t\t\t\t\t<img fetchpriority=\"high\" decoding=\"async\" width=\"986\" height=\"704\" src=\"https:\/\/neufitech.com.ar\/wp-content\/uploads\/2025\/08\/Portada-juegos-Photoroom-e1754143719926.png\" class=\"attachment-2048x2048 size-2048x2048 wp-image-4660\" alt=\"\" srcset=\"https:\/\/neufitech.com.ar\/wp-content\/uploads\/2025\/08\/Portada-juegos-Photoroom-e1754143719926.png 986w, https:\/\/neufitech.com.ar\/wp-content\/uploads\/2025\/08\/Portada-juegos-Photoroom-e1754143719926-300x214.png 300w, https:\/\/neufitech.com.ar\/wp-content\/uploads\/2025\/08\/Portada-juegos-Photoroom-e1754143719926-768x548.png 768w\" sizes=\"(max-width: 986px) 100vw, 986px\" \/>\t\t\t\t\t\t\t\t\t\t\t\t\t\t\t<\/div>\n\t\t\t\t<\/div>\n\t\t\t\t\t<\/div>\n\t\t<\/div>\n\t\t\t\t\t<\/div>\n\t\t<\/section>\n\t\t\t\t<section class=\"elementor-section elementor-top-section elementor-element elementor-element-ba93255 elementor-section-boxed elementor-section-height-default elementor-section-height-default\" data-id=\"ba93255\" data-element_type=\"section\" data-e-type=\"section\">\n\t\t\t\t\t\t<div class=\"elementor-container elementor-column-gap-default\">\n\t\t\t\t\t<div class=\"elementor-column elementor-col-100 elementor-top-column elementor-element elementor-element-899a5f9\" data-id=\"899a5f9\" data-element_type=\"column\" data-e-type=\"column\">\n\t\t\t<div class=\"elementor-widget-wrap elementor-element-populated\">\n\t\t\t\t\t\t<div class=\"elementor-element elementor-element-c3cd2e2 elementor-widget elementor-widget-html\" data-id=\"c3cd2e2\" data-element_type=\"widget\" data-e-type=\"widget\" data-widget_type=\"html.default\">\n\t\t\t\t<div class=\"elementor-widget-container\">\n\t\t\t\t\t<section class=\"siaa-com\">\r\n  <div class=\"container\">\r\n    <h2 class=\"title\">\u00bfQu\u00e9 es Neufiplay?<\/h2>\r\n    <div class=\"text\">\r\n      <h7>NeufiPlay es una plataforma de juegos interactivos dise\u00f1ada para evaluar y entrenar habilidades visuales, cognitivas y de motilidad ocular de manera l\u00fadica y accesible.\r\n<\/br>\r\nA trav\u00e9s de estos juegos, se estimulan funciones tales como la atenci\u00f3n, la memoria,\u00a0la coordinaci\u00f3n visual, y se promueve la alfabetizaci\u00f3n.\u00a0Los juegos est\u00e1n pensados de manera de que se pueda trabajar con diversos perfiles de usuario teniendo estos distintas caracter\u00edsticas y necesidades.\r\n<\/br>\r\nEs una herramienta vers\u00e1til, ideal tanto para evaluaci\u00f3n funcional como para intervenci\u00f3n terap\u00e9utica y educativa, integrando el juego como motor de aprendizaje inclusivo.<\/h7>\r\n    <\/div>\r\n  <\/div>\r\n<\/section>\r\n\r\n<style>\r\n\/* Contenedor general *\/\r\n.siaa-com {\r\n\r\n  display: flex;\r\n  justify-content: center;\r\n}\r\n\r\n\/* Caja interna para limitar ancho *\/\r\n.siaa-com .container {\r\n  max-width: auto;\r\n  width: 100%;\r\n  text-align: justify; \/* Justifica el texto *\/\r\n}\r\n\r\n\/* T\u00edtulo *\/\r\n.siaa-com .title {\r\n  font-family: 'Nunito', sans-serif;\r\n  font-weight: 800;\r\n  font-size: 2rem !important;\r\n  text-align: left; \/* Centra el t\u00edtulo *\/\r\n  margin-bottom: 20px;\r\n  color: #222;\r\n  text-shadow: 1px 1px 3px rgba(0,0,0,0.2); \/* sombra opcional *\/\r\n}\r\n\r\n\/* Texto *\/\r\n.siaa-com .text h7 {\r\n  font-family: 'Nunito', sans-serif !important;\r\n  font-weight: 400 !important;\r\n  font-size: 1rem !important;\r\n  line-height: 1.6;\r\n  margin-bottom: 15px;\r\n}\r\n\r\n\/* Responsive *\/\r\n@media (max-width: 768px) {\r\n  .siaa-com .title {\r\n    font-size: 1.5rem !important;\r\n  }\r\n  .siaa-com .text h7 {\r\n    font-size: 0.95rem !important;\r\n  }\r\n}\r\n<\/style>\r\n\t\t\t\t<\/div>\n\t\t\t\t<\/div>\n\t\t\t\t\t<\/div>\n\t\t<\/div>\n\t\t\t\t\t<\/div>\n\t\t<\/section>\n\t\t\t\t<section class=\"elementor-section elementor-top-section elementor-element elementor-element-9c5ead6 elementor-section-boxed elementor-section-height-default elementor-section-height-default\" data-id=\"9c5ead6\" data-element_type=\"section\" data-e-type=\"section\" data-settings=\"{&quot;background_background&quot;:&quot;classic&quot;}\">\n\t\t\t\t\t\t<div class=\"elementor-container elementor-column-gap-default\">\n\t\t\t\t\t<div class=\"elementor-column elementor-col-100 elementor-top-column elementor-element elementor-element-e8f26b1\" data-id=\"e8f26b1\" data-element_type=\"column\" data-e-type=\"column\">\n\t\t\t<div class=\"elementor-widget-wrap elementor-element-populated\">\n\t\t\t\t\t\t<div class=\"elementor-element elementor-element-0062cc8 elementor-widget elementor-widget-heading\" data-id=\"0062cc8\" data-element_type=\"widget\" data-e-type=\"widget\" data-widget_type=\"heading.default\">\n\t\t\t\t<div class=\"elementor-widget-container\">\n\t\t\t\t\t<h1 class=\"elementor-heading-title elementor-size-default\">+40 juegos disponibles<\/h1>\t\t\t\t<\/div>\n\t\t\t\t<\/div>\n\t\t\t\t\t<\/div>\n\t\t<\/div>\n\t\t\t\t\t<\/div>\n\t\t<\/section>\n\t\t\t\t<section class=\"elementor-section elementor-top-section elementor-element elementor-element-15dbf8e elementor-section-boxed elementor-section-height-default elementor-section-height-default\" data-id=\"15dbf8e\" data-element_type=\"section\" data-e-type=\"section\">\n\t\t\t\t\t\t<div class=\"elementor-container elementor-column-gap-default\">\n\t\t\t\t\t<div class=\"elementor-column elementor-col-33 elementor-top-column elementor-element elementor-element-265da22\" data-id=\"265da22\" data-element_type=\"column\" data-e-type=\"column\">\n\t\t\t<div class=\"elementor-widget-wrap elementor-element-populated\">\n\t\t\t\t\t\t<div class=\"elementor-element elementor-element-695935d elementor-widget elementor-widget-image\" data-id=\"695935d\" data-element_type=\"widget\" data-e-type=\"widget\" data-widget_type=\"image.default\">\n\t\t\t\t<div class=\"elementor-widget-container\">\n\t\t\t\t\t\t\t\t\t\t\t\t\t\t\t<img decoding=\"async\" width=\"1073\" height=\"750\" src=\"https:\/\/neufitech.com.ar\/wp-content\/uploads\/2025\/07\/neufiplayTopos-e1753984099531.png\" class=\"attachment-2048x2048 size-2048x2048 wp-image-3466\" alt=\"\" srcset=\"https:\/\/neufitech.com.ar\/wp-content\/uploads\/2025\/07\/neufiplayTopos-e1753984099531.png 1073w, https:\/\/neufitech.com.ar\/wp-content\/uploads\/2025\/07\/neufiplayTopos-e1753984099531-300x210.png 300w, https:\/\/neufitech.com.ar\/wp-content\/uploads\/2025\/07\/neufiplayTopos-e1753984099531-1024x716.png 1024w, https:\/\/neufitech.com.ar\/wp-content\/uploads\/2025\/07\/neufiplayTopos-e1753984099531-768x537.png 768w\" sizes=\"(max-width: 1073px) 100vw, 1073px\" \/>\t\t\t\t\t\t\t\t\t\t\t\t\t\t\t<\/div>\n\t\t\t\t<\/div>\n\t\t\t\t\t<\/div>\n\t\t<\/div>\n\t\t\t\t<div class=\"elementor-column elementor-col-33 elementor-top-column elementor-element elementor-element-a0e0301\" data-id=\"a0e0301\" data-element_type=\"column\" data-e-type=\"column\">\n\t\t\t<div class=\"elementor-widget-wrap elementor-element-populated\">\n\t\t\t\t\t\t<div class=\"elementor-element elementor-element-78da597 elementor-widget elementor-widget-image\" data-id=\"78da597\" data-element_type=\"widget\" data-e-type=\"widget\" data-widget_type=\"image.default\">\n\t\t\t\t<div class=\"elementor-widget-container\">\n\t\t\t\t\t\t\t\t\t\t\t\t\t\t\t<img loading=\"lazy\" decoding=\"async\" width=\"986\" height=\"700\" src=\"https:\/\/neufitech.com.ar\/wp-content\/uploads\/2025\/08\/15-Photoroom-1-e1754143788617.png\" class=\"attachment-2048x2048 size-2048x2048 wp-image-4658\" alt=\"\" srcset=\"https:\/\/neufitech.com.ar\/wp-content\/uploads\/2025\/08\/15-Photoroom-1-e1754143788617.png 986w, https:\/\/neufitech.com.ar\/wp-content\/uploads\/2025\/08\/15-Photoroom-1-e1754143788617-300x213.png 300w, https:\/\/neufitech.com.ar\/wp-content\/uploads\/2025\/08\/15-Photoroom-1-e1754143788617-768x545.png 768w\" sizes=\"(max-width: 986px) 100vw, 986px\" \/>\t\t\t\t\t\t\t\t\t\t\t\t\t\t\t<\/div>\n\t\t\t\t<\/div>\n\t\t\t\t\t<\/div>\n\t\t<\/div>\n\t\t\t\t<div class=\"elementor-column elementor-col-33 elementor-top-column elementor-element elementor-element-5ec8a19\" data-id=\"5ec8a19\" data-element_type=\"column\" data-e-type=\"column\">\n\t\t\t<div class=\"elementor-widget-wrap elementor-element-populated\">\n\t\t\t\t\t\t<div class=\"elementor-element elementor-element-b275ef0 elementor-widget elementor-widget-image\" data-id=\"b275ef0\" data-element_type=\"widget\" data-e-type=\"widget\" data-widget_type=\"image.default\">\n\t\t\t\t<div class=\"elementor-widget-container\">\n\t\t\t\t\t\t\t\t\t\t\t\t\t\t\t<img loading=\"lazy\" decoding=\"async\" width=\"986\" height=\"700\" src=\"https:\/\/neufitech.com.ar\/wp-content\/uploads\/2025\/08\/16-Photoroom-1-e1754143828929.png\" class=\"attachment-2048x2048 size-2048x2048 wp-image-4659\" alt=\"\" srcset=\"https:\/\/neufitech.com.ar\/wp-content\/uploads\/2025\/08\/16-Photoroom-1-e1754143828929.png 986w, https:\/\/neufitech.com.ar\/wp-content\/uploads\/2025\/08\/16-Photoroom-1-e1754143828929-300x213.png 300w, https:\/\/neufitech.com.ar\/wp-content\/uploads\/2025\/08\/16-Photoroom-1-e1754143828929-768x545.png 768w\" sizes=\"(max-width: 986px) 100vw, 986px\" \/>\t\t\t\t\t\t\t\t\t\t\t\t\t\t\t<\/div>\n\t\t\t\t<\/div>\n\t\t\t\t\t<\/div>\n\t\t<\/div>\n\t\t\t\t\t<\/div>\n\t\t<\/section>\n\t\t\t\t<section class=\"elementor-section elementor-top-section elementor-element elementor-element-4fee7b9 elementor-section-boxed elementor-section-height-default elementor-section-height-default\" data-id=\"4fee7b9\" data-element_type=\"section\" data-e-type=\"section\">\n\t\t\t\t\t\t<div class=\"elementor-container elementor-column-gap-default\">\n\t\t\t\t\t<div class=\"elementor-column elementor-col-100 elementor-top-column elementor-element elementor-element-a172151\" data-id=\"a172151\" data-element_type=\"column\" data-e-type=\"column\">\n\t\t\t<div class=\"elementor-widget-wrap elementor-element-populated\">\n\t\t\t\t\t\t<div class=\"elementor-element elementor-element-e22f031 elementor-widget elementor-widget-spacer\" data-id=\"e22f031\" data-element_type=\"widget\" data-e-type=\"widget\" data-widget_type=\"spacer.default\">\n\t\t\t\t<div class=\"elementor-widget-container\">\n\t\t\t\t\t\t\t<div class=\"elementor-spacer\">\n\t\t\t<div class=\"elementor-spacer-inner\"><\/div>\n\t\t<\/div>\n\t\t\t\t\t\t<\/div>\n\t\t\t\t<\/div>\n\t\t\t\t\t<\/div>\n\t\t<\/div>\n\t\t\t\t\t<\/div>\n\t\t<\/section>\n\t\t\t\t<section class=\"elementor-section elementor-top-section elementor-element elementor-element-f5881d6 elementor-section-stretched elementor-section-boxed elementor-section-height-default elementor-section-height-default\" data-id=\"f5881d6\" data-element_type=\"section\" data-e-type=\"section\" data-settings=\"{&quot;stretch_section&quot;:&quot;section-stretched&quot;}\">\n\t\t\t\t\t\t\t<div class=\"elementor-background-overlay\"><\/div>\n\t\t\t\t\t\t\t<div class=\"elementor-container elementor-column-gap-default\">\n\t\t\t\t\t<div class=\"elementor-column elementor-col-100 elementor-top-column elementor-element elementor-element-6dcce8c\" data-id=\"6dcce8c\" data-element_type=\"column\" data-e-type=\"column\">\n\t\t\t<div class=\"elementor-widget-wrap elementor-element-populated\">\n\t\t\t\t\t\t<div class=\"elementor-element elementor-element-7c0e09c elementor-widget__width-initial elementor-widget elementor-widget-heading\" data-id=\"7c0e09c\" data-element_type=\"widget\" data-e-type=\"widget\" data-widget_type=\"heading.default\">\n\t\t\t\t<div class=\"elementor-widget-container\">\n\t\t\t\t\t<h1 class=\"elementor-heading-title elementor-size-default\"><b>M\u00e9todos de Acceso<\/b><\/h1>\t\t\t\t<\/div>\n\t\t\t\t<\/div>\n\t\t\t\t<section class=\"elementor-section elementor-inner-section elementor-element elementor-element-cdb6f9b elementor-section-boxed elementor-section-height-default elementor-section-height-default\" data-id=\"cdb6f9b\" data-element_type=\"section\" data-e-type=\"section\">\n\t\t\t\t\t\t<div class=\"elementor-container elementor-column-gap-default\">\n\t\t\t\t\t<div class=\"elementor-column elementor-col-33 elementor-inner-column elementor-element elementor-element-84baf06\" data-id=\"84baf06\" data-element_type=\"column\" data-e-type=\"column\">\n\t\t\t<div class=\"elementor-widget-wrap elementor-element-populated\">\n\t\t\t\t\t\t<div class=\"elementor-element elementor-element-8350da2 elementor-widget elementor-widget-image\" data-id=\"8350da2\" data-element_type=\"widget\" data-e-type=\"widget\" data-widget_type=\"image.default\">\n\t\t\t\t<div class=\"elementor-widget-container\">\n\t\t\t\t\t\t\t\t\t\t\t\t\t\t\t<img decoding=\"async\" src=\"https:\/\/neufitech.com.ar\/wp-content\/uploads\/elementor\/thumbs\/raton-de-computadora-re8icxibbfyxej1396pbh6zodv03020vhsdu967o70.png\" title=\"raton-de-computadora\" alt=\"raton-de-computadora\" loading=\"lazy\" \/>\t\t\t\t\t\t\t\t\t\t\t\t\t\t\t<\/div>\n\t\t\t\t<\/div>\n\t\t\t\t<div class=\"elementor-element elementor-element-f46a52c elementor-widget elementor-widget-heading\" data-id=\"f46a52c\" data-element_type=\"widget\" data-e-type=\"widget\" data-widget_type=\"heading.default\">\n\t\t\t\t<div class=\"elementor-widget-container\">\n\t\t\t\t\t<h5 class=\"elementor-heading-title elementor-size-default\"><b>Mouse<\/b><\/h5>\t\t\t\t<\/div>\n\t\t\t\t<\/div>\n\t\t\t\t\t<\/div>\n\t\t<\/div>\n\t\t\t\t<div class=\"elementor-column elementor-col-33 elementor-inner-column elementor-element elementor-element-9e1b56f\" data-id=\"9e1b56f\" data-element_type=\"column\" data-e-type=\"column\">\n\t\t\t<div class=\"elementor-widget-wrap elementor-element-populated\">\n\t\t\t\t\t\t<div class=\"elementor-element elementor-element-b86b0fa elementor-widget elementor-widget-image\" data-id=\"b86b0fa\" data-element_type=\"widget\" data-e-type=\"widget\" data-widget_type=\"image.default\">\n\t\t\t\t<div class=\"elementor-widget-container\">\n\t\t\t\t\t\t\t\t\t\t\t\t\t\t\t<img loading=\"lazy\" decoding=\"async\" width=\"300\" height=\"50\" src=\"https:\/\/neufitech.com.ar\/wp-content\/uploads\/2025\/07\/Instagram-Neufitech-Photoroom-1-300x50.png\" class=\"attachment-medium size-medium wp-image-3427\" alt=\"\" srcset=\"https:\/\/neufitech.com.ar\/wp-content\/uploads\/2025\/07\/Instagram-Neufitech-Photoroom-1-300x50.png 300w, https:\/\/neufitech.com.ar\/wp-content\/uploads\/2025\/07\/Instagram-Neufitech-Photoroom-1-1024x172.png 1024w, https:\/\/neufitech.com.ar\/wp-content\/uploads\/2025\/07\/Instagram-Neufitech-Photoroom-1-768x129.png 768w, https:\/\/neufitech.com.ar\/wp-content\/uploads\/2025\/07\/Instagram-Neufitech-Photoroom-1.png 1080w\" sizes=\"(max-width: 300px) 100vw, 300px\" \/>\t\t\t\t\t\t\t\t\t\t\t\t\t\t\t<\/div>\n\t\t\t\t<\/div>\n\t\t\t\t<div class=\"elementor-element elementor-element-22f5540 elementor-widget elementor-widget-heading\" data-id=\"22f5540\" data-element_type=\"widget\" data-e-type=\"widget\" data-widget_type=\"heading.default\">\n\t\t\t\t<div class=\"elementor-widget-container\">\n\t\t\t\t\t<h5 class=\"elementor-heading-title elementor-size-default\"><b>Eye Tracker<\/b><\/h5>\t\t\t\t<\/div>\n\t\t\t\t<\/div>\n\t\t\t\t\t<\/div>\n\t\t<\/div>\n\t\t\t\t<div class=\"elementor-column elementor-col-33 elementor-inner-column elementor-element elementor-element-9a8e660\" data-id=\"9a8e660\" data-element_type=\"column\" data-e-type=\"column\">\n\t\t\t<div class=\"elementor-widget-wrap elementor-element-populated\">\n\t\t\t\t\t\t<div class=\"elementor-element elementor-element-2e8ab45 elementor-view-default elementor-widget elementor-widget-icon\" data-id=\"2e8ab45\" data-element_type=\"widget\" data-e-type=\"widget\" data-widget_type=\"icon.default\">\n\t\t\t\t<div class=\"elementor-widget-container\">\n\t\t\t\t\t\t\t<div class=\"elementor-icon-wrapper\">\n\t\t\t<div class=\"elementor-icon\">\n\t\t\t<i aria-hidden=\"true\" class=\"far fa-hand-point-up\"><\/i>\t\t\t<\/div>\n\t\t<\/div>\n\t\t\t\t\t\t<\/div>\n\t\t\t\t<\/div>\n\t\t\t\t<div class=\"elementor-element elementor-element-7ebadad elementor-widget elementor-widget-heading\" data-id=\"7ebadad\" data-element_type=\"widget\" data-e-type=\"widget\" data-widget_type=\"heading.default\">\n\t\t\t\t<div class=\"elementor-widget-container\">\n\t\t\t\t\t<h5 class=\"elementor-heading-title elementor-size-default\"><b>T\u00e1ctil<\/b><\/h5>\t\t\t\t<\/div>\n\t\t\t\t<\/div>\n\t\t\t\t\t<\/div>\n\t\t<\/div>\n\t\t\t\t\t<\/div>\n\t\t<\/section>\n\t\t\t\t<div class=\"elementor-element elementor-element-b0e0f78 elementor-widget elementor-widget-heading\" data-id=\"b0e0f78\" data-element_type=\"widget\" data-e-type=\"widget\" data-widget_type=\"heading.default\">\n\t\t\t\t<div class=\"elementor-widget-container\">\n\t\t\t\t\t<h1 class=\"elementor-heading-title elementor-size-default\"><b>Entre otros...<\/b><\/h1>\t\t\t\t<\/div>\n\t\t\t\t<\/div>\n\t\t\t\t\t<\/div>\n\t\t<\/div>\n\t\t\t\t\t<\/div>\n\t\t<\/section>\n\t\t\t\t<\/div>\n\t\t","protected":false},"excerpt":{"rendered":"<p>Neufiplay \u00bfQu\u00e9 es Neufiplay? NeufiPlay es una plataforma de juegos interactivos dise\u00f1ada para evaluar y entrenar habilidades visuales, cognitivas y de motilidad ocular de manera l\u00fadica y accesible. A trav\u00e9s de estos juegos, se estimulan funciones tales como la atenci\u00f3n, la memoria,\u00a0la coordinaci\u00f3n visual, y se promueve la alfabetizaci\u00f3n.\u00a0Los juegos est\u00e1n pensados de manera de [&hellip;]<\/p>\n","protected":false},"author":1,"featured_media":0,"parent":0,"menu_order":0,"comment_status":"closed","ping_status":"closed","template":"","meta":{"footnotes":""},"class_list":["post-3446","page","type-page","status-publish","hentry"],"_hostinger_reach_plugin_has_subscription_block":false,"_hostinger_reach_plugin_is_elementor":false,"_links":{"self":[{"href":"https:\/\/neufitech.com.ar\/index.php\/wp-json\/wp\/v2\/pages\/3446","targetHints":{"allow":["GET"]}}],"collection":[{"href":"https:\/\/neufitech.com.ar\/index.php\/wp-json\/wp\/v2\/pages"}],"about":[{"href":"https:\/\/neufitech.com.ar\/index.php\/wp-json\/wp\/v2\/types\/page"}],"author":[{"embeddable":true,"href":"https:\/\/neufitech.com.ar\/index.php\/wp-json\/wp\/v2\/users\/1"}],"replies":[{"embeddable":true,"href":"https:\/\/neufitech.com.ar\/index.php\/wp-json\/wp\/v2\/comments?post=3446"}],"version-history":[{"count":70,"href":"https:\/\/neufitech.com.ar\/index.php\/wp-json\/wp\/v2\/pages\/3446\/revisions"}],"predecessor-version":[{"id":5862,"href":"https:\/\/neufitech.com.ar\/index.php\/wp-json\/wp\/v2\/pages\/3446\/revisions\/5862"}],"wp:attachment":[{"href":"https:\/\/neufitech.com.ar\/index.php\/wp-json\/wp\/v2\/media?parent=3446"}],"curies":[{"name":"wp","href":"https:\/\/api.w.org\/{rel}","templated":true}]}}