{"id":3496,"date":"2025-07-21T12:07:23","date_gmt":"2025-07-21T15:07:23","guid":{"rendered":"https:\/\/neufitech.com.ar\/?page_id=3496"},"modified":"2025-11-04T18:18:58","modified_gmt":"2025-11-04T21:18:58","slug":"sai-senales-de-comunicacion","status":"publish","type":"page","link":"https:\/\/neufitech.com.ar\/index.php\/sai-senales-de-comunicacion\/","title":{"rendered":"SAI Se\u00f1ales de Comunicacion"},"content":{"rendered":"\t\t<div data-elementor-type=\"wp-page\" data-elementor-id=\"3496\" class=\"elementor elementor-3496\">\n\t\t\t\t\t\t<section class=\"elementor-section elementor-top-section elementor-element elementor-element-21d7df5 elementor-section-boxed elementor-section-height-default elementor-section-height-default\" data-id=\"21d7df5\" data-element_type=\"section\" data-e-type=\"section\">\n\t\t\t\t\t\t<div class=\"elementor-container elementor-column-gap-default\">\n\t\t\t\t\t<div class=\"elementor-column elementor-col-100 elementor-top-column elementor-element elementor-element-41926cc\" data-id=\"41926cc\" data-element_type=\"column\" data-e-type=\"column\">\n\t\t\t<div class=\"elementor-widget-wrap elementor-element-populated\">\n\t\t\t\t\t\t<div class=\"elementor-element elementor-element-a85e779 elementor-widget elementor-widget-heading\" data-id=\"a85e779\" data-element_type=\"widget\" data-e-type=\"widget\" data-widget_type=\"heading.default\">\n\t\t\t\t<div class=\"elementor-widget-container\">\n\t\t\t\t\t<h2 class=\"elementor-heading-title elementor-size-default\">Se\u00f1ales de Comunicaci\u00f3n<\/h2>\t\t\t\t<\/div>\n\t\t\t\t<\/div>\n\t\t\t\t<div class=\"elementor-element elementor-element-2e5cb09 elementor-widget elementor-widget-text-editor\" data-id=\"2e5cb09\" data-element_type=\"widget\" data-e-type=\"widget\" data-widget_type=\"text-editor.default\">\n\t\t\t\t<div class=\"elementor-widget-container\">\n\t\t\t\t\t\t\t\t\t<p>Accesos r\u00e1pidos para expresar necesidades, emociones o acciones cotidianas.<\/p>\t\t\t\t\t\t\t\t<\/div>\n\t\t\t\t<\/div>\n\t\t\t\t\t<\/div>\n\t\t<\/div>\n\t\t\t\t\t<\/div>\n\t\t<\/section>\n\t\t\t\t<section class=\"elementor-section elementor-top-section elementor-element elementor-element-bcb6bf6 elementor-section-boxed elementor-section-height-default elementor-section-height-default\" data-id=\"bcb6bf6\" data-element_type=\"section\" data-e-type=\"section\">\n\t\t\t\t\t\t<div class=\"elementor-container elementor-column-gap-default\">\n\t\t\t\t\t<div class=\"elementor-column elementor-col-100 elementor-top-column elementor-element elementor-element-d0d3fee\" data-id=\"d0d3fee\" data-element_type=\"column\" data-e-type=\"column\">\n\t\t\t<div class=\"elementor-widget-wrap elementor-element-populated\">\n\t\t\t\t\t\t<div class=\"elementor-element elementor-element-afabde7 elementor-widget elementor-widget-image\" data-id=\"afabde7\" data-element_type=\"widget\" data-e-type=\"widget\" data-widget_type=\"image.default\">\n\t\t\t\t<div class=\"elementor-widget-container\">\n\t\t\t\t\t\t\t\t\t\t\t\t\t\t\t<img fetchpriority=\"high\" decoding=\"async\" width=\"768\" height=\"547\" src=\"https:\/\/neufitech.com.ar\/wp-content\/uploads\/2025\/08\/13.1-Photoroom-e1754143893381-768x547.png\" class=\"attachment-medium_large size-medium_large wp-image-4656\" alt=\"\" srcset=\"https:\/\/neufitech.com.ar\/wp-content\/uploads\/2025\/08\/13.1-Photoroom-e1754143893381-768x547.png 768w, https:\/\/neufitech.com.ar\/wp-content\/uploads\/2025\/08\/13.1-Photoroom-e1754143893381-300x214.png 300w, https:\/\/neufitech.com.ar\/wp-content\/uploads\/2025\/08\/13.1-Photoroom-e1754143893381.png 980w\" sizes=\"(max-width: 768px) 100vw, 768px\" \/>\t\t\t\t\t\t\t\t\t\t\t\t\t\t\t<\/div>\n\t\t\t\t<\/div>\n\t\t\t\t\t<\/div>\n\t\t<\/div>\n\t\t\t\t\t<\/div>\n\t\t<\/section>\n\t\t\t\t<section class=\"elementor-section elementor-top-section elementor-element elementor-element-52ab8bf elementor-section-boxed elementor-section-height-default elementor-section-height-default\" data-id=\"52ab8bf\" data-element_type=\"section\" data-e-type=\"section\">\n\t\t\t\t\t\t<div class=\"elementor-container elementor-column-gap-default\">\n\t\t\t\t\t<div class=\"elementor-column elementor-col-100 elementor-top-column elementor-element elementor-element-0dc61d6\" data-id=\"0dc61d6\" data-element_type=\"column\" data-e-type=\"column\">\n\t\t\t<div class=\"elementor-widget-wrap elementor-element-populated\">\n\t\t\t\t\t\t<div class=\"elementor-element elementor-element-776f7bd elementor-widget elementor-widget-heading\" data-id=\"776f7bd\" data-element_type=\"widget\" data-e-type=\"widget\" data-widget_type=\"heading.default\">\n\t\t\t\t<div class=\"elementor-widget-container\">\n\t\t\t\t\t<h1 class=\"elementor-heading-title elementor-size-default\">Naveg\u00e1 por categor\u00edas.<\/h1>\t\t\t\t<\/div>\n\t\t\t\t<\/div>\n\t\t\t\t<div class=\"elementor-element elementor-element-07d5410 elementor-widget elementor-widget-heading\" data-id=\"07d5410\" data-element_type=\"widget\" data-e-type=\"widget\" data-widget_type=\"heading.default\">\n\t\t\t\t<div class=\"elementor-widget-container\">\n\t\t\t\t\t<h1 class=\"elementor-heading-title elementor-size-default\">Pod\u00e9s organizar la informaci\u00f3n en categor\u00edas visuales que facilitan la comunicaci\u00f3n r\u00e1pida y sencilla. Cada categor\u00eda re\u00fane frases espec\u00edficas como \u201cescuchar m\u00fasica\u201d o \u201cquiero descansar\u201d, permitiendo expresar necesidades y deseos de forma clara y directa en la vida diaria.<\/h1>\t\t\t\t<\/div>\n\t\t\t\t<\/div>\n\t\t\t\t\t<\/div>\n\t\t<\/div>\n\t\t\t\t\t<\/div>\n\t\t<\/section>\n\t\t\t\t<section class=\"elementor-section elementor-top-section elementor-element elementor-element-fb7e1b1 elementor-section-boxed elementor-section-height-default elementor-section-height-default\" data-id=\"fb7e1b1\" data-element_type=\"section\" data-e-type=\"section\">\n\t\t\t\t\t\t<div class=\"elementor-container elementor-column-gap-default\">\n\t\t\t\t\t<div class=\"elementor-column elementor-col-100 elementor-top-column elementor-element elementor-element-1ab939d\" data-id=\"1ab939d\" data-element_type=\"column\" data-e-type=\"column\">\n\t\t\t<div class=\"elementor-widget-wrap elementor-element-populated\">\n\t\t\t\t\t\t<div class=\"elementor-element elementor-element-b2b0ecd elementor-widget elementor-widget-image\" data-id=\"b2b0ecd\" data-element_type=\"widget\" data-e-type=\"widget\" data-widget_type=\"image.default\">\n\t\t\t\t<div class=\"elementor-widget-container\">\n\t\t\t\t\t\t\t\t\t\t\t\t\t\t\t<img decoding=\"async\" width=\"1024\" height=\"576\" src=\"https:\/\/neufitech.com.ar\/wp-content\/uploads\/2025\/08\/14.1-Photoroom-1024x576.png\" class=\"attachment-large size-large wp-image-4657\" alt=\"\" \/>\t\t\t\t\t\t\t\t\t\t\t\t\t\t\t<\/div>\n\t\t\t\t<\/div>\n\t\t\t\t\t<\/div>\n\t\t<\/div>\n\t\t\t\t\t<\/div>\n\t\t<\/section>\n\t\t\t\t<section class=\"elementor-section elementor-top-section elementor-element elementor-element-a98c639 elementor-section-boxed elementor-section-height-default elementor-section-height-default\" data-id=\"a98c639\" data-element_type=\"section\" data-e-type=\"section\">\n\t\t\t\t\t\t<div class=\"elementor-container elementor-column-gap-default\">\n\t\t\t\t\t<div class=\"elementor-column elementor-col-100 elementor-top-column elementor-element elementor-element-ef0b0e3\" data-id=\"ef0b0e3\" data-element_type=\"column\" data-e-type=\"column\">\n\t\t\t<div class=\"elementor-widget-wrap elementor-element-populated\">\n\t\t\t\t\t\t<div class=\"elementor-element elementor-element-0f46f09 elementor-widget elementor-widget-heading\" data-id=\"0f46f09\" data-element_type=\"widget\" data-e-type=\"widget\" data-widget_type=\"heading.default\">\n\t\t\t\t<div class=\"elementor-widget-container\">\n\t\t\t\t\t<h1 class=\"elementor-heading-title elementor-size-default\">Personaliz\u00e1 el panel de comunicaci\u00f3n.<\/h1>\t\t\t\t<\/div>\n\t\t\t\t<\/div>\n\t\t\t\t<div class=\"elementor-element elementor-element-8ada063 elementor-widget elementor-widget-heading\" data-id=\"8ada063\" data-element_type=\"widget\" data-e-type=\"widget\" data-widget_type=\"heading.default\">\n\t\t\t\t<div class=\"elementor-widget-container\">\n\t\t\t\t\t<h1 class=\"elementor-heading-title elementor-size-default\">El sistema es flexible y se adapta a cada persona: permite crear y personalizar nuevas categor\u00edas y frases de manera intuitiva. As\u00ed, cada usuario puede construir su propia forma de comunicarse, logrando interacciones m\u00e1s fluidas y efectivas en todo momento.<\/h1>\t\t\t\t<\/div>\n\t\t\t\t<\/div>\n\t\t\t\t\t<\/div>\n\t\t<\/div>\n\t\t\t\t\t<\/div>\n\t\t<\/section>\n\t\t\t\t<\/div>\n\t\t","protected":false},"excerpt":{"rendered":"<p>Se\u00f1ales de Comunicaci\u00f3n Accesos r\u00e1pidos para expresar necesidades, emociones o acciones cotidianas. Naveg\u00e1 por categor\u00edas. Pod\u00e9s organizar la informaci\u00f3n en categor\u00edas visuales que facilitan la comunicaci\u00f3n r\u00e1pida y sencilla. Cada categor\u00eda re\u00fane frases espec\u00edficas como \u201cescuchar m\u00fasica\u201d o \u201cquiero descansar\u201d, permitiendo expresar necesidades y deseos de forma clara y directa en la vida diaria. Personaliz\u00e1 [&hellip;]<\/p>\n","protected":false},"author":1,"featured_media":0,"parent":0,"menu_order":0,"comment_status":"closed","ping_status":"closed","template":"","meta":{"footnotes":""},"class_list":["post-3496","page","type-page","status-publish","hentry"],"_hostinger_reach_plugin_has_subscription_block":false,"_hostinger_reach_plugin_is_elementor":false,"_links":{"self":[{"href":"https:\/\/neufitech.com.ar\/index.php\/wp-json\/wp\/v2\/pages\/3496","targetHints":{"allow":["GET"]}}],"collection":[{"href":"https:\/\/neufitech.com.ar\/index.php\/wp-json\/wp\/v2\/pages"}],"about":[{"href":"https:\/\/neufitech.com.ar\/index.php\/wp-json\/wp\/v2\/types\/page"}],"author":[{"embeddable":true,"href":"https:\/\/neufitech.com.ar\/index.php\/wp-json\/wp\/v2\/users\/1"}],"replies":[{"embeddable":true,"href":"https:\/\/neufitech.com.ar\/index.php\/wp-json\/wp\/v2\/comments?post=3496"}],"version-history":[{"count":38,"href":"https:\/\/neufitech.com.ar\/index.php\/wp-json\/wp\/v2\/pages\/3496\/revisions"}],"predecessor-version":[{"id":5765,"href":"https:\/\/neufitech.com.ar\/index.php\/wp-json\/wp\/v2\/pages\/3496\/revisions\/5765"}],"wp:attachment":[{"href":"https:\/\/neufitech.com.ar\/index.php\/wp-json\/wp\/v2\/media?parent=3496"}],"curies":[{"name":"wp","href":"https:\/\/api.w.org\/{rel}","templated":true}]}}