{"id":4102,"date":"2025-07-30T12:35:14","date_gmt":"2025-07-30T15:35:14","guid":{"rendered":"https:\/\/neufitech.com.ar\/?page_id=4102"},"modified":"2025-11-04T10:46:26","modified_gmt":"2025-11-04T13:46:26","slug":"servicios","status":"publish","type":"page","link":"https:\/\/neufitech.com.ar\/index.php\/servicios\/","title":{"rendered":"Servicios"},"content":{"rendered":"\t\t<div data-elementor-type=\"wp-page\" data-elementor-id=\"4102\" class=\"elementor elementor-4102\">\n\t\t\t\t\t\t<section class=\"elementor-section elementor-top-section elementor-element elementor-element-b4f5e3d elementor-section-boxed elementor-section-height-default elementor-section-height-default\" data-id=\"b4f5e3d\" data-element_type=\"section\" data-e-type=\"section\">\n\t\t\t\t\t\t<div class=\"elementor-container elementor-column-gap-default\">\n\t\t\t\t\t<div class=\"elementor-column elementor-col-100 elementor-top-column elementor-element elementor-element-0af4625\" data-id=\"0af4625\" data-element_type=\"column\" data-e-type=\"column\">\n\t\t\t<div class=\"elementor-widget-wrap elementor-element-populated\">\n\t\t\t\t\t\t<div class=\"elementor-element elementor-element-c39744f elementor-widget elementor-widget-heading\" data-id=\"c39744f\" data-element_type=\"widget\" data-e-type=\"widget\" data-widget_type=\"heading.default\">\n\t\t\t\t<div class=\"elementor-widget-container\">\n\t\t\t\t\t<h2 class=\"elementor-heading-title elementor-size-default\">Nuestros Servicios<\/h2>\t\t\t\t<\/div>\n\t\t\t\t<\/div>\n\t\t\t\t\t<\/div>\n\t\t<\/div>\n\t\t\t\t\t<\/div>\n\t\t<\/section>\n\t\t\t\t<section class=\"elementor-section elementor-top-section elementor-element elementor-element-3b0e4bc elementor-section-boxed elementor-section-height-default elementor-section-height-default\" data-id=\"3b0e4bc\" data-element_type=\"section\" data-e-type=\"section\">\n\t\t\t\t\t\t<div class=\"elementor-container elementor-column-gap-default\">\n\t\t\t\t\t<div class=\"elementor-column elementor-col-100 elementor-top-column elementor-element elementor-element-3a193a4\" data-id=\"3a193a4\" data-element_type=\"column\" data-e-type=\"column\">\n\t\t\t<div class=\"elementor-widget-wrap elementor-element-populated\">\n\t\t\t\t\t\t<div class=\"elementor-element elementor-element-3c245bb elementor-widget elementor-widget-html\" data-id=\"3c245bb\" data-element_type=\"widget\" data-e-type=\"widget\" data-widget_type=\"html.default\">\n\t\t\t\t<div class=\"elementor-widget-container\">\n\t\t\t\t\t<!-- Secci\u00f3n de Servicios -->\r\n<section class=\"servicios-detalle\">\r\n    <ul>\r\n        <li>\r\n            <span class=\"service-title\">Entrevistas iniciales a pacientes y familias<\/span>\r\n            <p>Cuando una persona, familia, profesional o instituci\u00f3n se pone en contacto con nosotros, realizamos una entrevista inicial para conocer la situaci\u00f3n, las necesidades comunicativas y las capacidades del usuario. Este primer encuentro es fundamental para comprender el entorno familiar y social, y as\u00ed poder orientar sobre el dispositivo o sistema m\u00e1s adecuado.<\/p>\r\n        <\/li>\r\n        <li>\r\n            <span class=\"service-title\">Capacitaci\u00f3n a pacientes, familias y profesionales<\/span>\r\n            <p>Cada usuario, familia, cl\u00ednica o profesional que incorpora nuestro sistema recibe capacitaci\u00f3n personalizada y acompa\u00f1amiento continuo. Brindamos las herramientas necesarias para un uso efectivo y aut\u00f3nomo de las tecnolog\u00edas asistivas.<\/p>\r\n        <\/li>\r\n        <li>\r\n            <span class=\"service-title\">Seguimiento y acompa\u00f1amiento a largo plazo<\/span>\r\n            <p>Nuestro compromiso no termina con la entrega del dispositivo ni con la capacitaci\u00f3n inicial. Mantenemos un contacto permanente para acompa\u00f1ar el proceso, responder consultas y evaluar la evoluci\u00f3n del usuario en el uso del sistema.<\/p>\r\n        <\/li>\r\n        <li>\r\n            <span class=\"service-title\">Asesoramiento y soporte t\u00e9cnico<\/span>\r\n            <p>Ofrecemos soporte t\u00e9cnico constante para garantizar el funcionamiento \u00f3ptimo de los dispositivos y programas. Nuestro equipo est\u00e1 disponible para resolver cualquier inconveniente y asegurar que la comunicaci\u00f3n nunca se vea interrumpida.<\/p>\r\n        <\/li>\r\n        <li>\r\n            <span class=\"service-title\">Cursos de formaci\u00f3n profesional<\/span>\r\n            <p>Brindamos espacios de formaci\u00f3n destinados a profesionales de la salud, la educaci\u00f3n y la tecnolog\u00eda, para que puedan conocer en profundidad nuestros sistemas, software y dispositivos, y aplicarlos en su trabajo con distintos pacientes en todo el pa\u00eds.<\/p>\r\n        <\/li>\r\n        <li>\r\n            <span class=\"service-title\">Apoyo en la elecci\u00f3n y uso de tecnolog\u00edas asistivas<\/span>\r\n            <p>Orientamos a usuarios, familias y equipos profesionales en la selecci\u00f3n del dispositivo o sistema m\u00e1s adecuado seg\u00fan cada necesidad. Evaluamos las capacidades motoras, cognitivas y comunicativas del usuario, as\u00ed como su entorno, para asegurar una elecci\u00f3n personalizada y efectiva. Adem\u00e1s, acompa\u00f1amos en el proceso de adaptaci\u00f3n y uso, promoviendo la autonom\u00eda y el acceso a una comunicaci\u00f3n plena.<\/p>\r\n        <\/li>\r\n    <\/ul>\r\n<\/section>\r\n\r\n<style>\r\n\/* ------------------------------------------------------------------------- *\/\r\n\/* BASE DEL CONTENEDOR *\/\r\n\/* ------------------------------------------------------------------------- *\/\r\n.servicios-detalle {\r\n    width: 100%;\r\n    padding: 0 20px;\r\n    font-family: 'Nunito', sans-serif;\r\n}\r\n\r\n.servicios-detalle ul {\r\n    \/* Quitamos el marcador de lista para usar un marcador personalizado si lo deseas *\/\r\n    list-style-type: none; \r\n    padding-left: 0;\r\n    margin: 0;\r\n}\r\n\r\n\/* ------------------------------------------------------------------------- *\/\r\n\/* ESTILO DE CADA \u00cdTEM DE SERVICIO *\/\r\n\/* ------------------------------------------------------------------------- *\/\r\n.servicios-detalle li {\r\n    position: relative;\r\n    padding-left: 30px; \/* Espacio para el marcador\/vi\u00f1eta personalizado *\/\r\n    margin-bottom: 30px; \/* Espacio vertical grande entre servicios *\/\r\n    border-left: 3px solid transparent; \/* Borde izquierdo sutil (puedes cambiar el color) *\/\r\n    transition: border-color 0.3s ease;\r\n}\r\n\r\n\/* ------------------------------------------------------------------------- *\/\r\n\/* ESTILO DEL MARCADOR PERSONALIZADO (C\u00cdRCULO DE COLOR) *\/\r\n\/* ------------------------------------------------------------------------- *\/\r\n.servicios-detalle li::before {\r\n    content: \"\u2022\"; \/* Puedes usar un \u2022 o un icono si usas FontAwesome *\/\r\n    color: #32bac9; \/* Color de tu marca (turquesa) *\/\r\n    font-size: 2rem !important;\r\n    position: absolute;\r\n    left: 0;\r\n    top: -5px; \/* Ajusta la posici\u00f3n vertical del marcador *\/\r\n    font-weight: 800;\r\n    line-height: 1;\r\n}\r\n\r\n\r\n\/* ------------------------------------------------------------------------- *\/\r\n\/* ESTILO DEL T\u00cdTULO (service-title) *\/\r\n\/* ------------------------------------------------------------------------- *\/\r\n.servicios-detalle .service-title {\r\n    display: block; \/* Ocupa toda la l\u00ednea *\/\r\n    font-size: 1.25rem !important;\r\n    font-weight: 700; \/* Negrita para destacar el t\u00edtulo *\/\r\n    color: #2a2a2a; \/* Color oscuro *\/\r\n    margin-bottom: 15px;\r\n    line-height: 1.3;\r\n}\r\n\r\n\/* ------------------------------------------------------------------------- *\/\r\n\/* ESTILO DE LA DESCRIPCI\u00d3N (P\u00c1RRAFO) *\/\r\n\/* ------------------------------------------------------------------------- *\/\r\n.servicios-detalle p {\r\n    font-size: 1rem !important;\r\n    font-weight: 400;\r\n    color: #555;\r\n    line-height: 1.6;\r\n    margin-top: 5px;\r\n    margin-bottom: 0;\r\n    text-align: justify !important; \/* Justificado si lo prefieres para bloques de texto *\/\r\n}\r\n\r\n\/* Opcional: Efecto visual al pasar el rat\u00f3n *\/\r\n.servicios-detalle li:hover {\r\n    border-left-color: #32bac9; \/* Resalta el \u00edtem al pasar el rat\u00f3n *\/\r\n    background-color: #f7fcfc;\r\n}\r\n\r\n\/* ------------------------------------------------------------------------- *\/\r\n\/* 4. RESPONSIVE: AJUSTES ESPEC\u00cdFICOS PARA TABLETS (769px - 1024px) *\/\r\n\/* ------------------------------------------------------------------------- *\/\r\n@media (min-width: 769px) and (max-width: 1024px) {\r\n    \r\n    \/* 1. Ajustar el contenedor principal *\/\r\n    .servicios-detalle {\r\n        \/* CLAVE: Obliga al contenedor a ocupar el ancho total y elimina el margen central *\/\r\n        max-width: 100% !important; \r\n        margin: 0 !important; \r\n        width: 100% !important; \r\n        \r\n        \/* Reduce el padding lateral para que el contenido se extienda m\u00e1s cerca de los bordes. \r\n           Usamos un valor peque\u00f1o (ej. 15px) para evitar que el texto toque el borde absoluto del dispositivo. *\/\r\n        padding: 0 15px !important; \r\n    }\r\n\r\n    \/* 2. Ajustar el contenedor de la lista (UL) *\/\r\n    .servicios-detalle ul {\r\n        \/* CLAVE: Asegura que la lista ocupe el ancho completo dentro del padding de 15px *\/\r\n        width: 100% !important;\r\n        \/* Elimina el padding que pueda generar el navegador *\/\r\n        padding-left: 0 !important; \r\n    }\r\n\r\n    \/* 3. Justificar el t\u00edtulo *\/\r\n    .servicios-detalle .service-title {\r\n        \/* Justifica el texto del t\u00edtulo *\/\r\n        text-align: justify !important; \r\n    }\r\n    \r\n    \/* 4. Ajustar el cuerpo de la descripci\u00f3n *\/\r\n    .servicios-detalle p {\r\n        text-align: justify !important;\r\n    }\r\n    \r\n    \/* 5. Asegurar que los \u00edtems li respeten el nuevo ancho y alineaci\u00f3n *\/\r\n    .servicios-detalle li {\r\n        width: 100% !important; \r\n    }\r\n}\r\n\r\n@media (max-width: 768px) {\r\n    .servicios-detalle {\r\n        padding: 0 10px;\r\n    }\r\n    .servicios-detalle .service-title {\r\n        font-size: 1.15rem !important;\r\n    }\r\n    .servicios-detalle p {\r\n        font-size: 0.95rem !important;\r\n    }\r\n}\r\n<\/style>\r\n\t\t\t\t<\/div>\n\t\t\t\t<\/div>\n\t\t\t\t\t<\/div>\n\t\t<\/div>\n\t\t\t\t\t<\/div>\n\t\t<\/section>\n\t\t\t\t<\/div>\n\t\t","protected":false},"excerpt":{"rendered":"<p>Nuestros Servicios Entrevistas iniciales a pacientes y familias Cuando una persona, familia, profesional o instituci\u00f3n se pone en contacto con nosotros, realizamos una entrevista inicial para conocer la situaci\u00f3n, las necesidades comunicativas y las capacidades del usuario. Este primer encuentro es fundamental para comprender el entorno familiar y social, y as\u00ed poder orientar sobre el [&hellip;]<\/p>\n","protected":false},"author":1,"featured_media":0,"parent":0,"menu_order":0,"comment_status":"closed","ping_status":"closed","template":"","meta":{"footnotes":""},"class_list":["post-4102","page","type-page","status-publish","hentry"],"_hostinger_reach_plugin_has_subscription_block":false,"_hostinger_reach_plugin_is_elementor":false,"_links":{"self":[{"href":"https:\/\/neufitech.com.ar\/index.php\/wp-json\/wp\/v2\/pages\/4102","targetHints":{"allow":["GET"]}}],"collection":[{"href":"https:\/\/neufitech.com.ar\/index.php\/wp-json\/wp\/v2\/pages"}],"about":[{"href":"https:\/\/neufitech.com.ar\/index.php\/wp-json\/wp\/v2\/types\/page"}],"author":[{"embeddable":true,"href":"https:\/\/neufitech.com.ar\/index.php\/wp-json\/wp\/v2\/users\/1"}],"replies":[{"embeddable":true,"href":"https:\/\/neufitech.com.ar\/index.php\/wp-json\/wp\/v2\/comments?post=4102"}],"version-history":[{"count":28,"href":"https:\/\/neufitech.com.ar\/index.php\/wp-json\/wp\/v2\/pages\/4102\/revisions"}],"predecessor-version":[{"id":5694,"href":"https:\/\/neufitech.com.ar\/index.php\/wp-json\/wp\/v2\/pages\/4102\/revisions\/5694"}],"wp:attachment":[{"href":"https:\/\/neufitech.com.ar\/index.php\/wp-json\/wp\/v2\/media?parent=4102"}],"curies":[{"name":"wp","href":"https:\/\/api.w.org\/{rel}","templated":true}]}}