{"id":882,"date":"2023-05-20T18:18:51","date_gmt":"2023-05-20T21:18:51","guid":{"rendered":"https:\/\/neufitech.com.ar\/?page_id=882"},"modified":"2025-11-04T22:11:13","modified_gmt":"2025-11-05T01:11:13","slug":"siaaeval","status":"publish","type":"page","link":"https:\/\/neufitech.com.ar\/index.php\/siaaeval\/","title":{"rendered":"SIAAEval"},"content":{"rendered":"\t\t<div data-elementor-type=\"wp-page\" data-elementor-id=\"882\" class=\"elementor elementor-882\">\n\t\t\t\t\t\t<section class=\"elementor-section elementor-top-section elementor-element elementor-element-c065f78 elementor-section-boxed elementor-section-height-default elementor-section-height-default\" data-id=\"c065f78\" data-element_type=\"section\" data-e-type=\"section\">\n\t\t\t\t\t\t<div class=\"elementor-container elementor-column-gap-default\">\n\t\t\t\t\t<div class=\"elementor-column elementor-col-50 elementor-top-column elementor-element elementor-element-ca92185\" data-id=\"ca92185\" data-element_type=\"column\" data-e-type=\"column\">\n\t\t\t<div class=\"elementor-widget-wrap elementor-element-populated\">\n\t\t\t\t\t\t<div class=\"elementor-element elementor-element-8b28cc9 elementor-widget elementor-widget-spacer\" data-id=\"8b28cc9\" data-element_type=\"widget\" data-e-type=\"widget\" data-widget_type=\"spacer.default\">\n\t\t\t\t<div class=\"elementor-widget-container\">\n\t\t\t\t\t\t\t<div class=\"elementor-spacer\">\n\t\t\t<div class=\"elementor-spacer-inner\"><\/div>\n\t\t<\/div>\n\t\t\t\t\t\t<\/div>\n\t\t\t\t<\/div>\n\t\t\t\t<div class=\"elementor-element elementor-element-cc9d776 elementor-widget elementor-widget-image\" data-id=\"cc9d776\" data-element_type=\"widget\" data-e-type=\"widget\" data-widget_type=\"image.default\">\n\t\t\t\t<div class=\"elementor-widget-container\">\n\t\t\t\t\t\t\t\t\t\t\t\t\t\t\t<img decoding=\"async\" src=\"https:\/\/neufitech.com.ar\/wp-content\/uploads\/elementor\/thumbs\/siaaevallll-r8wsyo98v3y2njh6m4dqgjrzvivgfz2oc62barlip4.png\" title=\"siaaevallll\" alt=\"siaaevallll\" loading=\"lazy\" \/>\t\t\t\t\t\t\t\t\t\t\t\t\t\t\t<\/div>\n\t\t\t\t<\/div>\n\t\t\t\t<div class=\"elementor-element elementor-element-2a8700a elementor-widget elementor-widget-heading\" data-id=\"2a8700a\" data-element_type=\"widget\" data-e-type=\"widget\" data-widget_type=\"heading.default\">\n\t\t\t\t<div class=\"elementor-widget-container\">\n\t\t\t\t\t<h3 class=\"elementor-heading-title elementor-size-default\">SIAA-Eval<\/h3>\t\t\t\t<\/div>\n\t\t\t\t<\/div>\n\t\t\t\t<div class=\"elementor-element elementor-element-8e428ed elementor-widget__width-initial elementor-widget elementor-widget-heading\" data-id=\"8e428ed\" data-element_type=\"widget\" data-e-type=\"widget\" data-widget_type=\"heading.default\">\n\t\t\t\t<div class=\"elementor-widget-container\">\n\t\t\t\t\t<h1 class=\"elementor-heading-title elementor-size-default\">Sistema Inclusivo Alternativo y Aumentativo de Evaluaci\u00f3n<\/h1>\t\t\t\t<\/div>\n\t\t\t\t<\/div>\n\t\t\t\t\t<\/div>\n\t\t<\/div>\n\t\t\t\t<div class=\"elementor-column elementor-col-50 elementor-top-column elementor-element elementor-element-87eb904\" data-id=\"87eb904\" data-element_type=\"column\" data-e-type=\"column\">\n\t\t\t<div class=\"elementor-widget-wrap elementor-element-populated\">\n\t\t\t\t\t\t<div class=\"elementor-element elementor-element-7fbab6e elementor-widget elementor-widget-spacer\" data-id=\"7fbab6e\" data-element_type=\"widget\" data-e-type=\"widget\" data-widget_type=\"spacer.default\">\n\t\t\t\t<div class=\"elementor-widget-container\">\n\t\t\t\t\t\t\t<div class=\"elementor-spacer\">\n\t\t\t<div class=\"elementor-spacer-inner\"><\/div>\n\t\t<\/div>\n\t\t\t\t\t\t<\/div>\n\t\t\t\t<\/div>\n\t\t\t\t<div class=\"elementor-element elementor-element-e3f84ee elementor-widget elementor-widget-image\" data-id=\"e3f84ee\" data-element_type=\"widget\" data-e-type=\"widget\" data-widget_type=\"image.default\">\n\t\t\t\t<div class=\"elementor-widget-container\">\n\t\t\t\t\t\t\t\t\t\t\t\t\t\t\t<img fetchpriority=\"high\" decoding=\"async\" width=\"964\" height=\"702\" src=\"https:\/\/neufitech.com.ar\/wp-content\/uploads\/2025\/07\/siaaeval-Photoroom-e1753983988428.png\" class=\"attachment-2048x2048 size-2048x2048 wp-image-4012\" alt=\"\" srcset=\"https:\/\/neufitech.com.ar\/wp-content\/uploads\/2025\/07\/siaaeval-Photoroom-e1753983988428.png 964w, https:\/\/neufitech.com.ar\/wp-content\/uploads\/2025\/07\/siaaeval-Photoroom-e1753983988428-300x218.png 300w, https:\/\/neufitech.com.ar\/wp-content\/uploads\/2025\/07\/siaaeval-Photoroom-e1753983988428-768x559.png 768w\" sizes=\"(max-width: 964px) 100vw, 964px\" \/>\t\t\t\t\t\t\t\t\t\t\t\t\t\t\t<\/div>\n\t\t\t\t<\/div>\n\t\t\t\t\t<\/div>\n\t\t<\/div>\n\t\t\t\t\t<\/div>\n\t\t<\/section>\n\t\t\t\t<section class=\"elementor-section elementor-top-section elementor-element elementor-element-7eb3cea elementor-section-boxed elementor-section-height-default elementor-section-height-default\" data-id=\"7eb3cea\" data-element_type=\"section\" data-e-type=\"section\">\n\t\t\t\t\t\t<div class=\"elementor-container elementor-column-gap-default\">\n\t\t\t\t\t<div class=\"elementor-column elementor-col-100 elementor-top-column elementor-element elementor-element-5d676c3\" data-id=\"5d676c3\" data-element_type=\"column\" data-e-type=\"column\">\n\t\t\t<div class=\"elementor-widget-wrap elementor-element-populated\">\n\t\t\t\t\t\t<div class=\"elementor-element elementor-element-b09d052 elementor-widget elementor-widget-html\" data-id=\"b09d052\" data-element_type=\"widget\" data-e-type=\"widget\" data-widget_type=\"html.default\">\n\t\t\t\t<div class=\"elementor-widget-container\">\n\t\t\t\t\t<section class=\"siaa-com\">\r\n  <div class=\"container\">\r\n    <h2 class=\"title\">\u00bfQu\u00e9 es SIAA-Eval?<\/h2>\r\n    <div class=\"text\">\r\n      <h7>SIAA - Eval es una herramienta digital dise\u00f1ada especialmente para profesionales de la salud. Permite realizar evaluaciones cognitivas, visuales, de atenci\u00f3n e inteligencia, etc. de manera estructurada y precisa.\r\n<\/br>\r\nLas actividades y los tests pueden ser resueltos utilizando diversas formas de entrada tales como seguimiento ocular (eye tracking), mouse, touch, etc.. El sistema registra de forma autom\u00e1tica los movimientos oculares los cuales, mediante elaborados c\u00e1lculos, pueden convertirse en informaci\u00f3n tales como el n\u00famero de sac\u00e1dicos, n\u00famero de fijaciones, o, alternativamente, informaci\u00f3n m\u00e1s elaboradas como complejidad, la entrop\u00eda o multifractilidad asociada a la se\u00f1al. Dichos datos son convertidos en biomarcadores que permiten caracterizar el desempe\u00f1o de las personas en las tareas que est\u00e1n realizando. Esto da lugar a resultados objetivos y valiosos ideales para ser utilizado en contextos cl\u00ednicos, terap\u00e9uticos o de investigaci\u00f3n. SIAA - Eval aporta tecnolog\u00eda de vanguardia para una evaluaci\u00f3n accesible, adaptada y centrada en cada paciente.<\/h7>\r\n    <\/div>\r\n  <\/div>\r\n<\/section>\r\n\r\n<style>\r\n\/* Contenedor general *\/\r\n.siaa-com {\r\n\r\n  display: flex;\r\n  justify-content: center;\r\n}\r\n\r\n\/* Caja interna para limitar ancho *\/\r\n.siaa-com .container {\r\n  max-width: auto;\r\n  width: 100%;\r\n  text-align: justify; \/* Justifica el texto *\/\r\n}\r\n\r\n\/* T\u00edtulo *\/\r\n.siaa-com .title {\r\n  font-family: 'Nunito', sans-serif;\r\n  font-weight: 800;\r\n  font-size: 2rem !important;\r\n  text-align: left; \/* Centra el t\u00edtulo *\/\r\n  margin-bottom: 20px;\r\n  color: #222;\r\n  text-shadow: 1px 1px 3px rgba(0,0,0,0.2); \/* sombra opcional *\/\r\n}\r\n\r\n\/* Texto *\/\r\n.siaa-com .text h7 {\r\n  font-family: 'Nunito', sans-serif !important;\r\n  font-weight: 400 !important;\r\n  font-size: 1rem !important;\r\n  line-height: 1.6;\r\n  margin-bottom: 15px;\r\n}\r\n\r\n\/* Responsive *\/\r\n@media (max-width: 768px) {\r\n  .siaa-com .title {\r\n    font-size: 1.5rem !important;\r\n  }\r\n  .siaa-com .text h7 {\r\n    font-size: 0.95rem !important;\r\n  }\r\n}\r\n<\/style>\r\n\t\t\t\t<\/div>\n\t\t\t\t<\/div>\n\t\t\t\t<div class=\"elementor-element elementor-element-437fb48 elementor-widget elementor-widget-spacer\" data-id=\"437fb48\" data-element_type=\"widget\" data-e-type=\"widget\" data-widget_type=\"spacer.default\">\n\t\t\t\t<div class=\"elementor-widget-container\">\n\t\t\t\t\t\t\t<div class=\"elementor-spacer\">\n\t\t\t<div class=\"elementor-spacer-inner\"><\/div>\n\t\t<\/div>\n\t\t\t\t\t\t<\/div>\n\t\t\t\t<\/div>\n\t\t\t\t\t<\/div>\n\t\t<\/div>\n\t\t\t\t\t<\/div>\n\t\t<\/section>\n\t\t\t\t<section class=\"elementor-section elementor-top-section elementor-element elementor-element-efd7f1f elementor-section-boxed elementor-section-height-default elementor-section-height-default\" data-id=\"efd7f1f\" data-element_type=\"section\" data-e-type=\"section\">\n\t\t\t\t\t\t<div class=\"elementor-container elementor-column-gap-default\">\n\t\t\t\t\t<div class=\"elementor-column elementor-col-100 elementor-top-column elementor-element elementor-element-f48d772\" data-id=\"f48d772\" data-element_type=\"column\" data-e-type=\"column\">\n\t\t\t<div class=\"elementor-widget-wrap elementor-element-populated\">\n\t\t\t\t\t\t<div class=\"elementor-element elementor-element-3ca773f elementor-widget elementor-widget-heading\" data-id=\"3ca773f\" data-element_type=\"widget\" data-e-type=\"widget\" data-widget_type=\"heading.default\">\n\t\t\t\t<div class=\"elementor-widget-container\">\n\t\t\t\t\t<h1 class=\"elementor-heading-title elementor-size-default\"><b>Evaluaciones<\/b><\/h1>\t\t\t\t<\/div>\n\t\t\t\t<\/div>\n\t\t\t\t<div class=\"elementor-element elementor-element-4ee18c6 elementor-widget elementor-widget-html\" data-id=\"4ee18c6\" data-element_type=\"widget\" data-e-type=\"widget\" data-widget_type=\"html.default\">\n\t\t\t\t<div class=\"elementor-widget-container\">\n\t\t\t\t\t<style>\r\n  .grid-programas {\r\n    display: flex;\r\n    flex-wrap: wrap;\r\n    gap: 20px;\r\n    justify-content: space-around;\r\n    padding: 20px;\r\n  }\r\n\r\n  .boton-programa {\r\n    background-color: #f5f5f5;\r\n    border-radius: 20px;\r\n    box-shadow: 0 5px 10px rgba(0,0,0,0.1);\r\n    padding: 16px 24px;\r\n    display: flex;\r\n    align-items: center;\r\n    justify-content: space-between;\r\n    min-width: 260px;\r\n    max-width: 300px;\r\n    font-family: 'Nunito', sans-serif;\r\n    font-weight: 700;\r\n    font-size: 18px;\r\n    color: #00acc1;\r\n    cursor: default;\r\n    transition: all 0.2s ease;\r\n  }\r\n\r\n\r\n  .boton-programa:hover {\r\n    box-shadow: 0 6px 12px rgba(0,0,0,0.2);\r\n    transform: translateY(-2px);\r\n  }\r\n\r\n  .boton-programa i {\r\n    font-size: 20px;\r\n  }\r\n\r\n  .boton-programa .texto {\r\n    flex-grow: 1;\r\n    text-align: center;\r\n  }\r\n  \r\n  \r\n  \r\n  .boton-programa span {\r\n  white-space: nowrap;\r\n  overflow: hidden;\r\n  text-overflow: ellipsis;\r\n}\r\n<\/style>\r\n\r\n<div class=\"grid-programas\">\r\n  <div class=\"boton-programa\">\r\n    <i class=\"fas fa-star\"><\/i>\r\n    <span class=\"texto\">TMT - A<\/span>\r\n    <i class=\"fas fa-chevron-down\"><\/i>\r\n  <\/div>\r\n  <div class=\"boton-programa\">\r\n    <i class=\"fas fa-star\"><\/i>\r\n    <span class=\"texto\">TMT - B<\/span>\r\n    <i class=\"fas fa-chevron-down\"><\/i>\r\n  <\/div>\r\n  <div class=\"boton-programa\">\r\n    <i class=\"fas fa-star\"><\/i>\r\n    <span class=\"texto\">Lectura Cronopios<\/span>\r\n    <i class=\"fas fa-chevron-down\"><\/i>\r\n  <\/div>\r\n  <div class=\"boton-programa\">\r\n    <i class=\"fas fa-star\"><\/i>\r\n    <span class=\"texto\">Lectura - Fluidez<\/span>\r\n    <i class=\"fas fa-chevron-down\"><\/i>\r\n  <\/div>\r\n  <div class=\"boton-programa\">\r\n    <i class=\"fas fa-star\"><\/i>\r\n    <span class=\"texto\">DEM - Adultos<\/span>\r\n    <i class=\"fas fa-chevron-down\"><\/i>\r\n  <\/div>\r\n  <div class=\"boton-programa\">\r\n    <i class=\"fas fa-star\"><\/i>\r\n    <span class=\"texto\">D\u00edgitos Orden Inverso<\/span>\r\n    <i class=\"fas fa-chevron-down\"><\/i>\r\n  <\/div>\r\n  <div class=\"boton-programa\">\r\n    <i class=\"fas fa-star\"><\/i>\r\n    <span class=\"texto\">Raven<\/span>\r\n    <i class=\"fas fa-chevron-down\"><\/i>\r\n  <\/div>\r\n  <div class=\"boton-programa\">\r\n    <i class=\"fas fa-star\"><\/i>\r\n    <span class=\"texto\">BAIRES<\/span>\r\n    <i class=\"fas fa-chevron-down\"><\/i>\r\n  <\/div>\r\n  <div class=\"boton-programa\">\r\n    <i class=\"fas fa-star\"><\/i>\r\n    <span class=\"texto\">Robotest<\/span>\r\n    <i class=\"fas fa-chevron-down\"><\/i>\r\n  <\/div>\r\n  <div class=\"boton-programa\">\r\n    <i class=\"fas fa-star\"><\/i>\r\n    <span class=\"texto\">Focalizaci\u00f3n de Puntos<\/span>\r\n    <i class=\"fas fa-chevron-down\"><\/i>\r\n  <\/div>\r\n  <div class=\"boton-programa\">\r\n    <i class=\"fas fa-star\"><\/i>\r\n    <span class=\"texto\">Focalizaci\u00f3n Aleatorio<\/span>\r\n    <i class=\"fas fa-chevron-down\"><\/i>\r\n  <\/div>\r\n  <div class=\"boton-programa\">\r\n    <i class=\"fas fa-star\"><\/i>\r\n    <span class=\"texto\">F.  - Aleatoria Controlada<\/span>\r\n    <i class=\"fas fa-chevron-down\"><\/i>\r\n  <\/div>\r\n<\/div>\r\n\t\t\t\t<\/div>\n\t\t\t\t<\/div>\n\t\t\t\t<div class=\"elementor-element elementor-element-fc1bd6a elementor-widget elementor-widget-heading\" data-id=\"fc1bd6a\" data-element_type=\"widget\" data-e-type=\"widget\" data-widget_type=\"heading.default\">\n\t\t\t\t<div class=\"elementor-widget-container\">\n\t\t\t\t\t<h1 class=\"elementor-heading-title elementor-size-default\">Entre otros<\/h1>\t\t\t\t<\/div>\n\t\t\t\t<\/div>\n\t\t\t\t\t<\/div>\n\t\t<\/div>\n\t\t\t\t\t<\/div>\n\t\t<\/section>\n\t\t\t\t<section class=\"elementor-section elementor-top-section elementor-element elementor-element-3e98990 elementor-section-boxed elementor-section-height-default elementor-section-height-default\" data-id=\"3e98990\" data-element_type=\"section\" data-e-type=\"section\">\n\t\t\t\t\t\t<div class=\"elementor-container elementor-column-gap-default\">\n\t\t\t\t\t<div class=\"elementor-column elementor-col-100 elementor-top-column elementor-element elementor-element-1463df7\" data-id=\"1463df7\" data-element_type=\"column\" data-e-type=\"column\">\n\t\t\t<div class=\"elementor-widget-wrap elementor-element-populated\">\n\t\t\t\t\t\t<div class=\"elementor-element elementor-element-167f431 elementor-widget__width-initial elementor-widget elementor-widget-spacer\" data-id=\"167f431\" data-element_type=\"widget\" data-e-type=\"widget\" data-widget_type=\"spacer.default\">\n\t\t\t\t<div class=\"elementor-widget-container\">\n\t\t\t\t\t\t\t<div class=\"elementor-spacer\">\n\t\t\t<div class=\"elementor-spacer-inner\"><\/div>\n\t\t<\/div>\n\t\t\t\t\t\t<\/div>\n\t\t\t\t<\/div>\n\t\t\t\t\t<\/div>\n\t\t<\/div>\n\t\t\t\t\t<\/div>\n\t\t<\/section>\n\t\t\t\t<section class=\"elementor-section elementor-top-section elementor-element elementor-element-4021cd5 elementor-section-boxed elementor-section-height-default elementor-section-height-default\" data-id=\"4021cd5\" data-element_type=\"section\" data-e-type=\"section\">\n\t\t\t\t\t\t\t<div class=\"elementor-background-overlay\"><\/div>\n\t\t\t\t\t\t\t<div class=\"elementor-container elementor-column-gap-default\">\n\t\t\t\t\t<div class=\"elementor-column elementor-col-100 elementor-top-column elementor-element elementor-element-b03bc12\" data-id=\"b03bc12\" data-element_type=\"column\" data-e-type=\"column\">\n\t\t\t<div class=\"elementor-widget-wrap elementor-element-populated\">\n\t\t\t\t\t\t<div class=\"elementor-element elementor-element-54bc635 elementor-widget__width-initial elementor-widget elementor-widget-heading\" data-id=\"54bc635\" data-element_type=\"widget\" data-e-type=\"widget\" data-widget_type=\"heading.default\">\n\t\t\t\t<div class=\"elementor-widget-container\">\n\t\t\t\t\t<h1 class=\"elementor-heading-title elementor-size-default\"><b>M\u00e9todos de Acceso<\/b><\/h1>\t\t\t\t<\/div>\n\t\t\t\t<\/div>\n\t\t\t\t<section class=\"elementor-section elementor-inner-section elementor-element elementor-element-68289ba elementor-section-boxed elementor-section-height-default elementor-section-height-default\" data-id=\"68289ba\" data-element_type=\"section\" data-e-type=\"section\">\n\t\t\t\t\t\t<div class=\"elementor-container elementor-column-gap-default\">\n\t\t\t\t\t<div class=\"elementor-column elementor-col-33 elementor-inner-column elementor-element elementor-element-d98f3dc\" data-id=\"d98f3dc\" data-element_type=\"column\" data-e-type=\"column\">\n\t\t\t<div class=\"elementor-widget-wrap elementor-element-populated\">\n\t\t\t\t\t\t<div class=\"elementor-element elementor-element-24d6e80 elementor-widget elementor-widget-image\" data-id=\"24d6e80\" data-element_type=\"widget\" data-e-type=\"widget\" data-widget_type=\"image.default\">\n\t\t\t\t<div class=\"elementor-widget-container\">\n\t\t\t\t\t\t\t\t\t\t\t\t\t\t\t<img decoding=\"async\" src=\"https:\/\/neufitech.com.ar\/wp-content\/uploads\/elementor\/thumbs\/raton-de-computadora-re8icxibbfyxej1396pbh6zodv03020vhsdu967o70.png\" title=\"raton-de-computadora\" alt=\"raton-de-computadora\" loading=\"lazy\" \/>\t\t\t\t\t\t\t\t\t\t\t\t\t\t\t<\/div>\n\t\t\t\t<\/div>\n\t\t\t\t<div class=\"elementor-element elementor-element-864efd6 elementor-widget elementor-widget-heading\" data-id=\"864efd6\" data-element_type=\"widget\" data-e-type=\"widget\" data-widget_type=\"heading.default\">\n\t\t\t\t<div class=\"elementor-widget-container\">\n\t\t\t\t\t<h5 class=\"elementor-heading-title elementor-size-default\"><b>Mouse<\/b><\/h5>\t\t\t\t<\/div>\n\t\t\t\t<\/div>\n\t\t\t\t\t<\/div>\n\t\t<\/div>\n\t\t\t\t<div class=\"elementor-column elementor-col-33 elementor-inner-column elementor-element elementor-element-a6d7c84\" data-id=\"a6d7c84\" data-element_type=\"column\" data-e-type=\"column\">\n\t\t\t<div class=\"elementor-widget-wrap elementor-element-populated\">\n\t\t\t\t\t\t<div class=\"elementor-element elementor-element-8a475de elementor-widget elementor-widget-image\" data-id=\"8a475de\" data-element_type=\"widget\" data-e-type=\"widget\" data-widget_type=\"image.default\">\n\t\t\t\t<div class=\"elementor-widget-container\">\n\t\t\t\t\t\t\t\t\t\t\t\t\t\t\t<img decoding=\"async\" width=\"300\" height=\"50\" src=\"https:\/\/neufitech.com.ar\/wp-content\/uploads\/2025\/07\/Instagram-Neufitech-Photoroom-1-300x50.png\" class=\"attachment-medium size-medium wp-image-3427\" alt=\"\" srcset=\"https:\/\/neufitech.com.ar\/wp-content\/uploads\/2025\/07\/Instagram-Neufitech-Photoroom-1-300x50.png 300w, https:\/\/neufitech.com.ar\/wp-content\/uploads\/2025\/07\/Instagram-Neufitech-Photoroom-1-1024x172.png 1024w, https:\/\/neufitech.com.ar\/wp-content\/uploads\/2025\/07\/Instagram-Neufitech-Photoroom-1-768x129.png 768w, https:\/\/neufitech.com.ar\/wp-content\/uploads\/2025\/07\/Instagram-Neufitech-Photoroom-1.png 1080w\" sizes=\"(max-width: 300px) 100vw, 300px\" \/>\t\t\t\t\t\t\t\t\t\t\t\t\t\t\t<\/div>\n\t\t\t\t<\/div>\n\t\t\t\t<div class=\"elementor-element elementor-element-35938c8 elementor-widget elementor-widget-heading\" data-id=\"35938c8\" data-element_type=\"widget\" data-e-type=\"widget\" data-widget_type=\"heading.default\">\n\t\t\t\t<div class=\"elementor-widget-container\">\n\t\t\t\t\t<h5 class=\"elementor-heading-title elementor-size-default\"><b>Eye Tracker<\/b><\/h5>\t\t\t\t<\/div>\n\t\t\t\t<\/div>\n\t\t\t\t\t<\/div>\n\t\t<\/div>\n\t\t\t\t<div class=\"elementor-column elementor-col-33 elementor-inner-column elementor-element elementor-element-238f0c2\" data-id=\"238f0c2\" data-element_type=\"column\" data-e-type=\"column\">\n\t\t\t<div class=\"elementor-widget-wrap elementor-element-populated\">\n\t\t\t\t\t\t<div class=\"elementor-element elementor-element-3ff28ba elementor-view-default elementor-widget elementor-widget-icon\" data-id=\"3ff28ba\" data-element_type=\"widget\" data-e-type=\"widget\" data-widget_type=\"icon.default\">\n\t\t\t\t<div class=\"elementor-widget-container\">\n\t\t\t\t\t\t\t<div class=\"elementor-icon-wrapper\">\n\t\t\t<div class=\"elementor-icon\">\n\t\t\t<i aria-hidden=\"true\" class=\"far fa-hand-point-up\"><\/i>\t\t\t<\/div>\n\t\t<\/div>\n\t\t\t\t\t\t<\/div>\n\t\t\t\t<\/div>\n\t\t\t\t<div class=\"elementor-element elementor-element-31dc8fa elementor-widget elementor-widget-heading\" data-id=\"31dc8fa\" data-element_type=\"widget\" data-e-type=\"widget\" data-widget_type=\"heading.default\">\n\t\t\t\t<div class=\"elementor-widget-container\">\n\t\t\t\t\t<h5 class=\"elementor-heading-title elementor-size-default\"><b>T\u00e1ctil<\/b><\/h5>\t\t\t\t<\/div>\n\t\t\t\t<\/div>\n\t\t\t\t\t<\/div>\n\t\t<\/div>\n\t\t\t\t\t<\/div>\n\t\t<\/section>\n\t\t\t\t<div class=\"elementor-element elementor-element-e86c207 elementor-widget elementor-widget-heading\" data-id=\"e86c207\" data-element_type=\"widget\" data-e-type=\"widget\" data-widget_type=\"heading.default\">\n\t\t\t\t<div class=\"elementor-widget-container\">\n\t\t\t\t\t<h1 class=\"elementor-heading-title elementor-size-default\"><b>Entre otros...<\/b><\/h1>\t\t\t\t<\/div>\n\t\t\t\t<\/div>\n\t\t\t\t\t<\/div>\n\t\t<\/div>\n\t\t\t\t\t<\/div>\n\t\t<\/section>\n\t\t\t\t<section class=\"elementor-section elementor-top-section elementor-element elementor-element-5b2cc9e elementor-section-boxed elementor-section-height-default elementor-section-height-default\" data-id=\"5b2cc9e\" data-element_type=\"section\" data-e-type=\"section\">\n\t\t\t\t\t\t<div class=\"elementor-container elementor-column-gap-default\">\n\t\t\t\t\t<div class=\"elementor-column elementor-col-100 elementor-top-column elementor-element elementor-element-0922b47\" data-id=\"0922b47\" data-element_type=\"column\" data-e-type=\"column\">\n\t\t\t<div class=\"elementor-widget-wrap elementor-element-populated\">\n\t\t\t\t\t\t<div class=\"elementor-element elementor-element-1e402d3 elementor-widget elementor-widget-spacer\" data-id=\"1e402d3\" data-element_type=\"widget\" data-e-type=\"widget\" data-widget_type=\"spacer.default\">\n\t\t\t\t<div class=\"elementor-widget-container\">\n\t\t\t\t\t\t\t<div class=\"elementor-spacer\">\n\t\t\t<div class=\"elementor-spacer-inner\"><\/div>\n\t\t<\/div>\n\t\t\t\t\t\t<\/div>\n\t\t\t\t<\/div>\n\t\t\t\t\t<\/div>\n\t\t<\/div>\n\t\t\t\t\t<\/div>\n\t\t<\/section>\n\t\t\t\t<\/div>\n\t\t","protected":false},"excerpt":{"rendered":"<p>SIAA-Eval Sistema Inclusivo Alternativo y Aumentativo de Evaluaci\u00f3n \u00bfQu\u00e9 es SIAA-Eval? SIAA &#8211; Eval es una herramienta digital dise\u00f1ada especialmente para profesionales de la salud. Permite realizar evaluaciones cognitivas, visuales, de atenci\u00f3n e inteligencia, etc. de manera estructurada y precisa. Las actividades y los tests pueden ser resueltos utilizando diversas formas de entrada tales como [&hellip;]<\/p>\n","protected":false},"author":1,"featured_media":0,"parent":0,"menu_order":0,"comment_status":"closed","ping_status":"closed","template":"elementor_header_footer","meta":{"footnotes":""},"class_list":["post-882","page","type-page","status-publish","hentry"],"_hostinger_reach_plugin_has_subscription_block":false,"_hostinger_reach_plugin_is_elementor":false,"_links":{"self":[{"href":"https:\/\/neufitech.com.ar\/index.php\/wp-json\/wp\/v2\/pages\/882","targetHints":{"allow":["GET"]}}],"collection":[{"href":"https:\/\/neufitech.com.ar\/index.php\/wp-json\/wp\/v2\/pages"}],"about":[{"href":"https:\/\/neufitech.com.ar\/index.php\/wp-json\/wp\/v2\/types\/page"}],"author":[{"embeddable":true,"href":"https:\/\/neufitech.com.ar\/index.php\/wp-json\/wp\/v2\/users\/1"}],"replies":[{"embeddable":true,"href":"https:\/\/neufitech.com.ar\/index.php\/wp-json\/wp\/v2\/comments?post=882"}],"version-history":[{"count":127,"href":"https:\/\/neufitech.com.ar\/index.php\/wp-json\/wp\/v2\/pages\/882\/revisions"}],"predecessor-version":[{"id":5859,"href":"https:\/\/neufitech.com.ar\/index.php\/wp-json\/wp\/v2\/pages\/882\/revisions\/5859"}],"wp:attachment":[{"href":"https:\/\/neufitech.com.ar\/index.php\/wp-json\/wp\/v2\/media?parent=882"}],"curies":[{"name":"wp","href":"https:\/\/api.w.org\/{rel}","templated":true}]}}